{"id":604,"date":"2026-03-17T20:45:35","date_gmt":"2026-03-17T20:45:35","guid":{"rendered":"https:\/\/ceamtabarca.com\/contact\/"},"modified":"2026-04-13T10:07:55","modified_gmt":"2026-04-13T10:07:55","slug":"contact","status":"publish","type":"page","link":"https:\/\/ceamtabarca.com\/en\/contact\/","title":{"rendered":"Contact"},"content":{"rendered":"\t\t<div data-elementor-type=\"wp-page\" data-elementor-id=\"604\" class=\"elementor elementor-604 elementor-112\" data-elementor-post-type=\"page\">\n\t\t\t\t<div class=\"elementor-element elementor-element-2d02576 e-flex e-con-boxed e-con e-parent\" data-id=\"2d02576\" data-element_type=\"container\" data-e-type=\"container\">\n\t\t\t\t\t<div class=\"e-con-inner\">\n\t\t<div class=\"elementor-element elementor-element-24867f7 e-con-full e-flex e-con e-child\" data-id=\"24867f7\" data-element_type=\"container\" data-e-type=\"container\">\n\t\t\t\t<div class=\"elementor-element elementor-element-2e6f5fc elementor-widget elementor-widget-heading\" data-id=\"2e6f5fc\" data-element_type=\"widget\" data-e-type=\"widget\" data-widget_type=\"heading.default\">\n\t\t\t\t\t<h4 class=\"elementor-heading-title elementor-size-default\">Take the first step towards Tabarca<\/h4>\t\t\t\t<\/div>\n\t\t\t\t<div class=\"elementor-element elementor-element-234663c elementor-widget__width-initial elementor-widget elementor-widget-heading\" data-id=\"234663c\" data-element_type=\"widget\" data-e-type=\"widget\" data-widget_type=\"heading.default\">\n\t\t\t\t\t<h6 class=\"elementor-heading-title elementor-size-default\">For telephone assistance, please contact the following phone numbers according to your case:<\/h6>\t\t\t\t<\/div>\n\t\t<div class=\"elementor-element elementor-element-35a8df6 e-grid e-con-full e-con e-child\" data-id=\"35a8df6\" data-element_type=\"container\" data-e-type=\"container\">\n\t\t<div class=\"elementor-element elementor-element-4563290 e-con-full e-flex e-con e-child\" data-id=\"4563290\" data-element_type=\"container\" data-e-type=\"container\">\n\t\t\t\t<div class=\"elementor-element elementor-element-a0b89ba elementor-widget elementor-widget-heading\" data-id=\"a0b89ba\" data-element_type=\"widget\" data-e-type=\"widget\" data-widget_type=\"heading.default\">\n\t\t\t\t\t<h6 class=\"elementor-heading-title elementor-size-default\">SCHOOL GROUPS SUPPORT<\/h6>\t\t\t\t<\/div>\n\t\t\t\t<\/div>\n\t\t\t\t<div class=\"elementor-element elementor-element-114e078 elementor-widget elementor-widget-heading\" data-id=\"114e078\" data-element_type=\"widget\" data-e-type=\"widget\" data-widget_type=\"heading.default\">\n\t\t\t\t\t<h6 class=\"elementor-heading-title elementor-size-default\">GROUPS OR FULL CEAM SUPPORT<\/h6>\t\t\t\t<\/div>\n\t\t\t\t<div class=\"elementor-element elementor-element-8203c21 elementor-widget elementor-widget-heading\" data-id=\"8203c21\" data-element_type=\"widget\" data-e-type=\"widget\" data-widget_type=\"heading.default\">\n\t\t\t\t\t<h6 class=\"elementor-heading-title elementor-size-default\">+34 673 93 05 75<\/h6>\t\t\t\t<\/div>\n\t\t\t\t<div class=\"elementor-element elementor-element-310e073 elementor-widget elementor-widget-heading\" data-id=\"310e073\" data-element_type=\"widget\" data-e-type=\"widget\" data-widget_type=\"heading.default\">\n\t\t\t\t\t<h6 class=\"elementor-heading-title elementor-size-default\">+34 674 68 58 57<\/h6>\t\t\t\t<\/div>\n\t\t\t\t<div class=\"elementor-element elementor-element-1c4b3bc elementor-widget elementor-widget-heading\" data-id=\"1c4b3bc\" data-element_type=\"widget\" data-e-type=\"widget\" data-widget_type=\"heading.default\">\n\t\t\t\t\t<h6 class=\"elementor-heading-title elementor-size-default\">educa@ceamtabarca.com<\/h6>\t\t\t\t<\/div>\n\t\t\t\t<div class=\"elementor-element elementor-element-fd39423 elementor-widget elementor-widget-heading\" data-id=\"fd39423\" data-element_type=\"widget\" data-e-type=\"widget\" data-widget_type=\"heading.default\">\n\t\t\t\t\t<h6 class=\"elementor-heading-title elementor-size-default\">reservas@ceamtabarca.com<\/h6>\t\t\t\t<\/div>\n\t\t\t\t<\/div>\n\t\t\t\t<\/div>\n\t\t<div class=\"elementor-element elementor-element-5809945 e-con-full e-flex e-con e-child\" data-id=\"5809945\" data-element_type=\"container\" data-e-type=\"container\">\n\t\t\t\t<div class=\"elementor-element elementor-element-87b712d elementor-widget__width-initial elementor-widget elementor-widget-heading\" data-id=\"87b712d\" data-element_type=\"widget\" data-e-type=\"widget\" data-widget_type=\"heading.default\">\n\t\t\t\t\t<h6 class=\"elementor-heading-title elementor-size-default\">Complete the form and immerse yourself in the CEAM experience<\/h6>\t\t\t\t<\/div>\n\t\t\t\t<\/div>\n\t\t<div class=\"elementor-element elementor-element-5f720be e-con-full e-flex e-con e-child\" data-id=\"5f720be\" data-element_type=\"container\" data-e-type=\"container\">\n\t\t\t\t<div class=\"elementor-element elementor-element-ee632db elementor-widget elementor-widget-formidable\" data-id=\"ee632db\" data-element_type=\"widget\" data-e-type=\"widget\" data-widget_type=\"formidable.default\">\n\t\t\t\t<div class=\"elementor-widget-container\">\n\t\t\t\t\t<div class=\"frm_forms  with_frm_style frm_style_ceam frm_full_submit\" id=\"frm_form_3_container\" data-token=\"e2502e9f0c4d44061cfff41651618404\">\n<form enctype=\"multipart\/form-data\" method=\"post\" class=\"frm-show-form  frm_pro_form  frm_slidein \" id=\"form_formulario-de-contacto-ceam\" data-token=\"e2502e9f0c4d44061cfff41651618404\">\n<div class=\"frm_form_fields  frm_page_num_1\">\n<fieldset>\n<legend class=\"frm_screen_reader\">Formulario de Contacto CEAM<\/legend>\r\n\r\n<div class=\"frm_fields_container\">\n<div class=\"frm_rootline_group\" role=\"group\" tabindex=\"0\" aria-label=\"Page 1 of 4\" ><ul class=\"frm_page_bar frm_rootline_4 frm_rootline frm_rootline_line  frm_show_lines frm_show_titles\"><li class=\"frm_rootline_single frm_current_page\"><input type=\"button\" value=\"1\" data-page=\"\" class=\" frm_page_1\" aria-disabled=\"true\" data-field=\"0\" aria-label=\"PASO 1\"  \/><span class=\"frm_rootline_title\">PASO 1<\/span><\/li><li class=\"frm_rootline_single\"><input type=\"button\" value=\"2\" data-page=\"11\" class=\"frm_page_skip frm_page_2\" data-field=\"19\" aria-label=\"PASO 2\"  \/><span class=\"frm_rootline_title\">PASO 2<\/span><\/li><li class=\"frm_rootline_single\"><input type=\"button\" value=\"3\" data-page=\"20\" class=\"frm_page_skip frm_page_3\" data-field=\"22\" aria-label=\"PASO 3\"  \/><span class=\"frm_rootline_title\">PASO 3<\/span><\/li>\t\t<li class=\"frm_rootline_single frm_rootline_show_hidden_steps_btn frm_hidden\">\n\t\t\t<input type=\"button\" class=\"frm_rootline_show_more_btn\" value=\"\u00b7\u00b7\u00b7\" \/>\n\t\t\t<ul class=\"frm_rootline_hidden_steps frm_hidden\"><\/ul>\n\t\t<\/li>\n\t\t<li class=\"frm_rootline_single\"><input type=\"button\" value=\"4\" data-page=\"28\" class=\"frm_page_skip frm_page_4\" data-field=\"38\" aria-label=\"PASO 4\"  \/><span class=\"frm_rootline_title\">PASO 4<\/span><\/li><\/ul><div class=\"frm_clearfix\"><\/div><\/div><input type=\"hidden\" name=\"frm_action\" value=\"create\" \/>\n<input type=\"hidden\" name=\"form_id\" value=\"3\" \/>\n<input type=\"hidden\" name=\"frm_hide_fields_3\" id=\"frm_hide_fields_3\" value=\"\" \/>\n<input type=\"hidden\" name=\"form_key\" value=\"formulario-de-contacto-ceam\" \/>\n<input type=\"hidden\" name=\"item_meta[0]\" value=\"\" \/>\n<input type=\"hidden\" id=\"frm_submit_entry_3\" name=\"frm_submit_entry_3\" value=\"8920bec40e\" \/><input type=\"hidden\" name=\"_wp_http_referer\" value=\"\/en\/wp-json\/wp\/v2\/pages\/604\" \/><div id=\"frm_field_11_container\" class=\"frm_form_field form-field  frm_required_field frm_top_container frm6 frm_first\">\r\n\t<label for=\"field_4ly86\" id=\"field_4ly86_label\" class=\"frm_primary_label\">Nombre\r\n\t\t<span class=\"frm_required\" aria-hidden=\"true\">*<\/span>\r\n\t<\/label>\r\n\t<input  type=\"text\" id=\"field_4ly86\" name=\"item_meta[11]\" value=\"\"  placeholder=\"Tu nombre\" data-reqmsg=\"Nombre no puede estar en blanco.\" aria-required=\"true\" data-invmsg=\"Nombre no es v\u00e1lido\" aria-invalid=\"false\"   \/>\r\n\t\r\n\t\r\n<\/div>\n<div id=\"frm_field_12_container\" class=\"frm_form_field form-field  frm_required_field frm_top_container frm6\">\r\n\t<label for=\"field_oncdc\" id=\"field_oncdc_label\" class=\"frm_primary_label\">Apellido\r\n\t\t<span class=\"frm_required\" aria-hidden=\"true\">*<\/span>\r\n\t<\/label>\r\n\t<input  type=\"text\" id=\"field_oncdc\" name=\"item_meta[12]\" value=\"\"  placeholder=\"Tu Apellido\" data-reqmsg=\"Apellido no puede estar en blanco.\" aria-required=\"true\" data-invmsg=\"Apellido no es v\u00e1lido\" aria-invalid=\"false\"   \/>\r\n\t\r\n\t\r\n<\/div>\n<div id=\"frm_field_13_container\" class=\"frm_form_field form-field  frm_required_field frm_top_container\">\r\n\t<label for=\"field_qia84\" id=\"field_qia84_label\" class=\"frm_primary_label\">Tel\u00e9fono\r\n\t\t<span class=\"frm_required\" aria-hidden=\"true\">*<\/span>\r\n\t<\/label>\r\n\t<input type=\"tel\" id=\"field_qia84\" name=\"item_meta[13]\" value=\"\"  placeholder=\"+34 000 00 00 00\" data-reqmsg=\"Tel\u00e9fono no puede estar en blanco.\" aria-required=\"true\" data-invmsg=\"Tel\u00e9fono no es v\u00e1lido\" class=\"frm-intl-tel-input\" aria-invalid=\"false\" pattern=\"\\+?\\d{1,4}[\\s\\-]?(?:\\(\\d{1,3}\\)[\\s\\-]?)?\\d{1,4}[\\s\\-]?\\d{1,4}[\\s\\-]?\\d{1,4}$\"  \/>\r\n\t\r\n\t\r\n<\/div>\n<div id=\"frm_field_14_container\" class=\"frm_form_field form-field  frm_top_container\">\r\n\t<label for=\"field_h9qml\" id=\"field_h9qml_label\" class=\"frm_primary_label\">Correo eletr\u00f3nico\r\n\t\t<span class=\"frm_required\" aria-hidden=\"true\"><\/span>\r\n\t<\/label>\r\n\t<input type=\"email\" id=\"field_h9qml\" name=\"item_meta[14]\" value=\"\"  autocomplete=\"email\"  data-invmsg=\"Correo eletr\u00f3nico no es v\u00e1lido\" aria-invalid=\"false\"  \/>\r\n\t\r\n\t\r\n<\/div>\n<div id=\"frm_field_16_container\" class=\"frm_form_field form-field  frm_required_field frm_top_container vertical_radio\">\r\n\t<div  id=\"field_79090a_label\" class=\"frm_primary_label\">Pol\u00edtica de datos\r\n\t\t<span class=\"frm_required\" aria-hidden=\"true\">*<\/span>\r\n\t<\/div>\r\n\t<div class=\"frm_opt_container\" aria-labelledby=\"field_79090a_label\" role=\"group\">\t\t<div class=\"frm_checkbox\" id=\"frm_checkbox_16-0\">\t\t\t<label  for=\"field_79090a-0\">\n\t\t\t<input type=\"checkbox\" name=\"item_meta[16][]\" id=\"field_79090a-0\" value=\"He le\u00eddo y acepto la pol\u00edtica de protecci\u00f3n de datos personales.\"  data-reqmsg=\"Pol\u00edtica de datos no puede estar en blanco.\" data-invmsg=\"Pol\u00edtica de datos no es v\u00e1lido\"   aria-required=\"true\"  \/> He le\u00eddo y acepto la pol\u00edtica de protecci\u00f3n de datos personales.<\/label><\/div>\n<\/div>\r\n\t\r\n\t\r\n<\/div>\n<input type=\"hidden\" name=\"frm_page_order_3\" id=\"frm_page_order_3\" value=\"11\" \/>\t\t<input  type=\"hidden\" name=\"item_meta[26]\" id=\"field_4407j-0\" value=\"\"     \/>\n\t\t\t\t<input  type=\"hidden\" name=\"item_meta[23]\" id=\"field_mugwy\" value=\"10\"  data-frmproduct=\"[&quot;29&quot;]\"  data-frmval=\"10\"   \/>\n\t\t\t\t<input  type=\"hidden\" name=\"item_meta[35]\" id=\"field_i0622\" value=\"\"     \/>\n\t\t\t\t<input  type=\"hidden\" name=\"item_meta[36]\" id=\"field_wwsnm\" value=\"\"     \/>\n\t\t\t\t<input  type=\"hidden\" name=\"item_meta[22]\" id=\"field_q5d4w\" value=\"\"     \/>\n\t\t\t\t<input  type=\"hidden\" name=\"item_meta[32]\" id=\"field_7u7yy\" value=\"\"  data-frmprice=\"0\" data-frmhigherpg     \/>\n\t\t\t\t<input  type=\"hidden\" name=\"item_meta[33]\" id=\"field_avu06\" value=\"\"  data-frmprice=\"0\" data-frmhigherpg     \/>\n\t\t\t\t<input  type=\"hidden\" name=\"item_meta[29]\" id=\"field_4vgc1\" value=\"\"  data-frmprice=\"0\" data-frmhigherpg     \/>\n\t\t\t\t<input  type=\"hidden\" name=\"item_meta[28]\" id=\"field_rek1n\" value=\"\"  data-frmtotal     \/>\n\t\t\t\t<input  type=\"hidden\" name=\"item_meta[38]\" id=\"field_7h57x\" value=\"\"     \/>\n\t\t\t\t<input  type=\"hidden\" name=\"item_meta[7]\" id=\"field_continuar1\" value=\"\"     \/>\n\t\t\t<input type=\"hidden\" name=\"item_key\" value=\"\" \/>\n\t\t\t<div id=\"frm_field_39_container\">\n\t\t\t<label for=\"field_kg0ag\" >\n\t\t\t\tIf you are human, leave this field blank.\t\t\t<\/label>\n\t\t\t<input  id=\"field_kg0ag\" type=\"text\" class=\"frm_form_field form-field frm_verify\" name=\"item_meta[39]\" value=\"\"  \/>\n\t\t<\/div>\n\t\t<input name=\"frm_state\" type=\"hidden\" value=\"luqqq6D6mIyNaBlYTthk\/8NhvUfpxYrlt27otFyMB6CQGV8+RgNM\/pz\/OrQnjUfU\" \/><div class=\"frm_submit frm_flex\">\r\n<button class=\"frm_button_submit\" type=\"submit\"   formnovalidate=\"formnovalidate\">Continuar<\/button>\r\n\r\n\r\n<a href=\"#\" tabindex=\"0\" class=\"frm_start_over\" >Volver a empezar<\/a>\r\n<\/div><\/div>\n<\/fieldset>\n<\/div>\n\n<\/form>\n<\/div>\n\t\t\t\t<\/div>\n\t\t\t\t<\/div>\n\t\t\t\t<\/div>\n\t\t\t\t\t<\/div>\n\t\t\t\t<\/div>\n\t\t\t\t<\/div>\n\t\t","protected":false},"excerpt":{"rendered":"<p>Take the first step towards Tabarca For telephone assistance, please contact the following phone numbers according to your case: SCHOOL GROUPS SUPPORT GROUPS OR FULL CEAM SUPPORT +34 673 93 05 75 +34 674 68 58 57 educa@ceamtabarca.com reservas@ceamtabarca.com Complete the form and immerse yourself in the CEAM experience Formulario de Contacto CEAM PASO 1 [&hellip;]<\/p>\n","protected":false},"author":1,"featured_media":564,"parent":0,"menu_order":0,"comment_status":"closed","ping_status":"closed","template":"elementor_header_footer","meta":{"footnotes":""},"class_list":["post-604","page","type-page","status-publish","has-post-thumbnail","hentry"],"yoast_head":"<!-- This site is optimized with the Yoast SEO plugin v27.3 - https:\/\/yoast.com\/product\/yoast-seo-wordpress\/ -->\n<title>Contact - CEAM Tabarca<\/title>\n<meta name=\"robots\" content=\"index, follow, max-snippet:-1, max-image-preview:large, max-video-preview:-1\" \/>\n<link rel=\"canonical\" href=\"https:\/\/ceamtabarca.com\/en\/contact\/\" \/>\n<meta property=\"og:locale\" content=\"en_US\" \/>\n<meta property=\"og:type\" content=\"article\" \/>\n<meta property=\"og:title\" content=\"Contact - CEAM Tabarca\" \/>\n<meta property=\"og:description\" content=\"Take the first step towards Tabarca For telephone assistance, please contact the following phone numbers according to your case: SCHOOL GROUPS SUPPORT GROUPS OR FULL CEAM SUPPORT +34 673 93 05 75 +34 674 68 58 57 educa@ceamtabarca.com reservas@ceamtabarca.com Complete the form and immerse yourself in the CEAM experience Formulario de Contacto CEAM PASO 1 [&hellip;]\" \/>\n<meta property=\"og:url\" content=\"https:\/\/ceamtabarca.com\/en\/contact\/\" \/>\n<meta property=\"og:site_name\" content=\"CEAM Tabarca\" \/>\n<meta property=\"article:modified_time\" content=\"2026-04-13T10:07:55+00:00\" \/>\n<meta property=\"og:image\" content=\"https:\/\/ceamtabarca.com\/wp-content\/uploads\/2026\/03\/cea_tabarca_isla_de_tabarca_movil.webp\" \/>\n\t<meta property=\"og:image:width\" content=\"1180\" \/>\n\t<meta property=\"og:image:height\" content=\"1790\" \/>\n\t<meta property=\"og:image:type\" content=\"image\/webp\" \/>\n<meta name=\"twitter:card\" content=\"summary_large_image\" \/>\n<script type=\"application\/ld+json\" class=\"yoast-schema-graph\">{\"@context\":\"https:\\\/\\\/schema.org\",\"@graph\":[{\"@type\":\"WebPage\",\"@id\":\"https:\\\/\\\/ceamtabarca.com\\\/en\\\/contact\\\/\",\"url\":\"https:\\\/\\\/ceamtabarca.com\\\/en\\\/contact\\\/\",\"name\":\"Contact - CEAM Tabarca\",\"isPartOf\":{\"@id\":\"https:\\\/\\\/ceamtabarca.com\\\/en\\\/#website\"},\"primaryImageOfPage\":{\"@id\":\"https:\\\/\\\/ceamtabarca.com\\\/en\\\/contact\\\/#primaryimage\"},\"image\":{\"@id\":\"https:\\\/\\\/ceamtabarca.com\\\/en\\\/contact\\\/#primaryimage\"},\"thumbnailUrl\":\"https:\\\/\\\/ceamtabarca.com\\\/wp-content\\\/uploads\\\/2026\\\/03\\\/cea_tabarca_isla_de_tabarca_movil.webp\",\"datePublished\":\"2026-03-17T20:45:35+00:00\",\"dateModified\":\"2026-04-13T10:07:55+00:00\",\"breadcrumb\":{\"@id\":\"https:\\\/\\\/ceamtabarca.com\\\/en\\\/contact\\\/#breadcrumb\"},\"inLanguage\":\"en-US\",\"potentialAction\":[{\"@type\":\"ReadAction\",\"target\":[\"https:\\\/\\\/ceamtabarca.com\\\/en\\\/contact\\\/\"]}]},{\"@type\":\"ImageObject\",\"inLanguage\":\"en-US\",\"@id\":\"https:\\\/\\\/ceamtabarca.com\\\/en\\\/contact\\\/#primaryimage\",\"url\":\"https:\\\/\\\/ceamtabarca.com\\\/wp-content\\\/uploads\\\/2026\\\/03\\\/cea_tabarca_isla_de_tabarca_movil.webp\",\"contentUrl\":\"https:\\\/\\\/ceamtabarca.com\\\/wp-content\\\/uploads\\\/2026\\\/03\\\/cea_tabarca_isla_de_tabarca_movil.webp\",\"width\":1180,\"height\":1790},{\"@type\":\"BreadcrumbList\",\"@id\":\"https:\\\/\\\/ceamtabarca.com\\\/en\\\/contact\\\/#breadcrumb\",\"itemListElement\":[{\"@type\":\"ListItem\",\"position\":1,\"name\":\"Portada\",\"item\":\"https:\\\/\\\/ceamtabarca.com\\\/en\\\/home\\\/\"},{\"@type\":\"ListItem\",\"position\":2,\"name\":\"Contact\"}]},{\"@type\":\"WebSite\",\"@id\":\"https:\\\/\\\/ceamtabarca.com\\\/en\\\/#website\",\"url\":\"https:\\\/\\\/ceamtabarca.com\\\/en\\\/\",\"name\":\"CEAM Tabarca\",\"description\":\"Centro de Experiencias y Albergue Mediterr\u00e1neo en Tabarca (Alicante): alojamiento sostenible, actividades ambientales y experiencias culturales en la \u00fanica isla habitada de la Comunitat Valenciana.\",\"publisher\":{\"@id\":\"https:\\\/\\\/ceamtabarca.com\\\/en\\\/#organization\"},\"potentialAction\":[{\"@type\":\"SearchAction\",\"target\":{\"@type\":\"EntryPoint\",\"urlTemplate\":\"https:\\\/\\\/ceamtabarca.com\\\/en\\\/?s={search_term_string}\"},\"query-input\":{\"@type\":\"PropertyValueSpecification\",\"valueRequired\":true,\"valueName\":\"search_term_string\"}}],\"inLanguage\":\"en-US\"},{\"@type\":\"Organization\",\"@id\":\"https:\\\/\\\/ceamtabarca.com\\\/en\\\/#organization\",\"name\":\"CEAM Tabarca\",\"url\":\"https:\\\/\\\/ceamtabarca.com\\\/en\\\/\",\"logo\":{\"@type\":\"ImageObject\",\"inLanguage\":\"en-US\",\"@id\":\"https:\\\/\\\/ceamtabarca.com\\\/en\\\/#\\\/schema\\\/logo\\\/image\\\/\",\"url\":\"https:\\\/\\\/ceamtabarca.com\\\/wp-content\\\/uploads\\\/2026\\\/03\\\/cropped-ceam_tabarca_centro_de_experiencias_y_albergue_mediterraneo.webp\",\"contentUrl\":\"https:\\\/\\\/ceamtabarca.com\\\/wp-content\\\/uploads\\\/2026\\\/03\\\/cropped-ceam_tabarca_centro_de_experiencias_y_albergue_mediterraneo.webp\",\"width\":1295,\"height\":436,\"caption\":\"CEAM Tabarca\"},\"image\":{\"@id\":\"https:\\\/\\\/ceamtabarca.com\\\/en\\\/#\\\/schema\\\/logo\\\/image\\\/\"}}]}<\/script>\n<!-- \/ Yoast SEO plugin. -->","yoast_head_json":{"title":"Contact - CEAM Tabarca","robots":{"index":"index","follow":"follow","max-snippet":"max-snippet:-1","max-image-preview":"max-image-preview:large","max-video-preview":"max-video-preview:-1"},"canonical":"https:\/\/ceamtabarca.com\/en\/contact\/","og_locale":"en_US","og_type":"article","og_title":"Contact - CEAM Tabarca","og_description":"Take the first step towards Tabarca For telephone assistance, please contact the following phone numbers according to your case: SCHOOL GROUPS SUPPORT GROUPS OR FULL CEAM SUPPORT +34 673 93 05 75 +34 674 68 58 57 educa@ceamtabarca.com reservas@ceamtabarca.com Complete the form and immerse yourself in the CEAM experience Formulario de Contacto CEAM PASO 1 [&hellip;]","og_url":"https:\/\/ceamtabarca.com\/en\/contact\/","og_site_name":"CEAM Tabarca","article_modified_time":"2026-04-13T10:07:55+00:00","og_image":[{"width":1180,"height":1790,"url":"https:\/\/ceamtabarca.com\/wp-content\/uploads\/2026\/03\/cea_tabarca_isla_de_tabarca_movil.webp","type":"image\/webp"}],"twitter_card":"summary_large_image","schema":{"@context":"https:\/\/schema.org","@graph":[{"@type":"WebPage","@id":"https:\/\/ceamtabarca.com\/en\/contact\/","url":"https:\/\/ceamtabarca.com\/en\/contact\/","name":"Contact - CEAM Tabarca","isPartOf":{"@id":"https:\/\/ceamtabarca.com\/en\/#website"},"primaryImageOfPage":{"@id":"https:\/\/ceamtabarca.com\/en\/contact\/#primaryimage"},"image":{"@id":"https:\/\/ceamtabarca.com\/en\/contact\/#primaryimage"},"thumbnailUrl":"https:\/\/ceamtabarca.com\/wp-content\/uploads\/2026\/03\/cea_tabarca_isla_de_tabarca_movil.webp","datePublished":"2026-03-17T20:45:35+00:00","dateModified":"2026-04-13T10:07:55+00:00","breadcrumb":{"@id":"https:\/\/ceamtabarca.com\/en\/contact\/#breadcrumb"},"inLanguage":"en-US","potentialAction":[{"@type":"ReadAction","target":["https:\/\/ceamtabarca.com\/en\/contact\/"]}]},{"@type":"ImageObject","inLanguage":"en-US","@id":"https:\/\/ceamtabarca.com\/en\/contact\/#primaryimage","url":"https:\/\/ceamtabarca.com\/wp-content\/uploads\/2026\/03\/cea_tabarca_isla_de_tabarca_movil.webp","contentUrl":"https:\/\/ceamtabarca.com\/wp-content\/uploads\/2026\/03\/cea_tabarca_isla_de_tabarca_movil.webp","width":1180,"height":1790},{"@type":"BreadcrumbList","@id":"https:\/\/ceamtabarca.com\/en\/contact\/#breadcrumb","itemListElement":[{"@type":"ListItem","position":1,"name":"Portada","item":"https:\/\/ceamtabarca.com\/en\/home\/"},{"@type":"ListItem","position":2,"name":"Contact"}]},{"@type":"WebSite","@id":"https:\/\/ceamtabarca.com\/en\/#website","url":"https:\/\/ceamtabarca.com\/en\/","name":"CEAM Tabarca","description":"Centro de Experiencias y Albergue Mediterr\u00e1neo en Tabarca (Alicante): alojamiento sostenible, actividades ambientales y experiencias culturales en la \u00fanica isla habitada de la Comunitat Valenciana.","publisher":{"@id":"https:\/\/ceamtabarca.com\/en\/#organization"},"potentialAction":[{"@type":"SearchAction","target":{"@type":"EntryPoint","urlTemplate":"https:\/\/ceamtabarca.com\/en\/?s={search_term_string}"},"query-input":{"@type":"PropertyValueSpecification","valueRequired":true,"valueName":"search_term_string"}}],"inLanguage":"en-US"},{"@type":"Organization","@id":"https:\/\/ceamtabarca.com\/en\/#organization","name":"CEAM Tabarca","url":"https:\/\/ceamtabarca.com\/en\/","logo":{"@type":"ImageObject","inLanguage":"en-US","@id":"https:\/\/ceamtabarca.com\/en\/#\/schema\/logo\/image\/","url":"https:\/\/ceamtabarca.com\/wp-content\/uploads\/2026\/03\/cropped-ceam_tabarca_centro_de_experiencias_y_albergue_mediterraneo.webp","contentUrl":"https:\/\/ceamtabarca.com\/wp-content\/uploads\/2026\/03\/cropped-ceam_tabarca_centro_de_experiencias_y_albergue_mediterraneo.webp","width":1295,"height":436,"caption":"CEAM Tabarca"},"image":{"@id":"https:\/\/ceamtabarca.com\/en\/#\/schema\/logo\/image\/"}}]}},"_links":{"self":[{"href":"https:\/\/ceamtabarca.com\/en\/wp-json\/wp\/v2\/pages\/604","targetHints":{"allow":["GET"]}}],"collection":[{"href":"https:\/\/ceamtabarca.com\/en\/wp-json\/wp\/v2\/pages"}],"about":[{"href":"https:\/\/ceamtabarca.com\/en\/wp-json\/wp\/v2\/types\/page"}],"author":[{"embeddable":true,"href":"https:\/\/ceamtabarca.com\/en\/wp-json\/wp\/v2\/users\/1"}],"replies":[{"embeddable":true,"href":"https:\/\/ceamtabarca.com\/en\/wp-json\/wp\/v2\/comments?post=604"}],"version-history":[{"count":7,"href":"https:\/\/ceamtabarca.com\/en\/wp-json\/wp\/v2\/pages\/604\/revisions"}],"predecessor-version":[{"id":683,"href":"https:\/\/ceamtabarca.com\/en\/wp-json\/wp\/v2\/pages\/604\/revisions\/683"}],"wp:featuredmedia":[{"embeddable":true,"href":"https:\/\/ceamtabarca.com\/en\/wp-json\/wp\/v2\/media\/564"}],"wp:attachment":[{"href":"https:\/\/ceamtabarca.com\/en\/wp-json\/wp\/v2\/media?parent=604"}],"curies":[{"name":"wp","href":"https:\/\/api.w.org\/{rel}","templated":true}]}}